{"id":10882,"date":"2021-03-08T12:51:31","date_gmt":"2021-03-08T11:51:31","guid":{"rendered":"https:\/\/www.villadeifioriacerra.tech\/?page_id=10882"},"modified":"2021-06-22T15:13:43","modified_gmt":"2021-06-22T13:13:43","slug":"guida-meet","status":"publish","type":"page","link":"https:\/\/www.villadeifioriacerra.tech\/?page_id=10882","title":{"rendered":"Guida Meet"},"content":{"rendered":"<p>Introduzione<br \/>\n\t\t\t\t\t\t\t\t\tSezione Organizzatori<br \/>\n\t\t\t\t\t\t\t\t\tSezione Partecipanti<br \/>\n\t\t\t\t\t\t\t\t\tFunzionalit\u00e0<br \/>\n\t\t\t\t\t\t\t\t\tPulsante Attivit\u00e0<br \/>\n\t\t\t\t\t\t\t\t\tPulsante Opzioni<br \/>\n\t\t\t\t\t\t\t\t\tCaselle di Posta Assegnate<br \/>\n\t\t\t\t\t\t\t\t\tIntroduzione<\/p>\n<p><img loading=\"lazy\" decoding=\"async\" src=\"https:\/\/www.villadeifioriacerra.tech\/wp-content\/uploads\/2021\/03\/Introduzione-1024x576.png\" alt=\"Introduzione\" width=\"1024\" height=\"576\" \/><\/p>\n<p>Google Meet \u00e8 una piattaforma online che permette di organizzare riunioni e videoconferenze di livello aziendale, adoperando l\u2019infrastruttura solida e sicura di Google. Tale piattaforma offre numerosi servizi come la possibilit\u00e0 di personalizzare le impostazioni video, condividere il proprio schermo con i partecipanti ed interagire in tempo reale attraverso la chat. Possono prendere parte alle videochiamate su Google Meet le persone che fanno parte della tua organizzazione e che hanno effettuato l\u2019accesso su G Suite, le persone invitate da un partecipante durante la videochiamata o persone aggiunte attraverso l\u2019evento Google Calendar (in possesso di un account Google). Tutti coloro che non sono stati aggiunti direttamente dal creatore dell\u2019evento devono richiedere l\u2019autorizzazione per poter partecipare alla videochiamata.<\/p>\n<p>\t\t\t\t\t\t\t\t\tSezione Organizzatori<\/p>\n<p>Avviare il browser<\/p>\n<p>L\u2019organizzatore del meeting avvia il browser ed esegue il login con le proprie credenziali @villadeifioriacerra.tech. (Al primo accesso, per motivi di privacy, sar\u00e0 necessario modificare la password)<\/p>\n<p><img loading=\"lazy\" decoding=\"async\" src=\"https:\/\/www.villadeifioriacerra.tech\/wp-content\/uploads\/2021\/03\/SezioneOrganizzatori1-1024x645.png\" alt=\"SezioneOrganizzatori1\" width=\"1024\" height=\"645\" \/><\/p>\n<p><center><br \/><img loading=\"lazy\" decoding=\"async\" src=\"https:\/\/www.villadeifioriacerra.tech\/wp-content\/uploads\/2021\/03\/SezioneOrganizzatori2-289x300.png\" alt=\"SezioneOrganizzatori2\" width=\"289\" height=\"300\" \/><img loading=\"lazy\" decoding=\"async\" src=\"https:\/\/www.villadeifioriacerra.tech\/wp-content\/uploads\/2021\/03\/SezioneOrganizzatori3-288x300.png\" alt=\"SezioneOrganizzatori3\" width=\"288\" height=\"300\" \/><\/center><\/p>\n<p>Avviare una videoconferenza<\/p>\n<p>Una videoconferenza pu\u00f2 essere avviata in due modi:<\/p>\n<ol>\n<li>Pianificandola, come evento sul calendario, con la possibilit\u00e0 di mandare l\u2019invito di partecipazione ad altri utenti;<\/li>\n<li>Creandola istantaneamente.<\/li>\n<\/ol>\n<p>Le due modalit\u00e0 di esecuzione vengono attuate con procedure differenti, che verranno di seguito esposte.<\/p>\n<p><strong>1. Riunione pianificata tramite Calendar<\/strong><\/p>\n<p>Fare clic sul riquadro app di Google e selezionare Calendar.<\/p>\n<p><img loading=\"lazy\" decoding=\"async\" src=\"https:\/\/www.villadeifioriacerra.tech\/wp-content\/uploads\/2021\/03\/SezioneOrganizzatori4-1024x758.png\" alt=\"SezioneOrganizzatori4\" width=\"1024\" height=\"758\" \/><\/p>\n<p>Dopo aver selezionato la data sar\u00e0 possibile creare l\u2019evento attraverso l\u2019apposito pulsante.<\/p>\n<p><img loading=\"lazy\" decoding=\"async\" src=\"https:\/\/www.villadeifioriacerra.tech\/wp-content\/uploads\/2021\/03\/SezioneOrganizzatori5-1024x1022.png\" alt=\"SezioneOrganizzatori5\" width=\"1024\" height=\"1022\" \/><\/p>\n<p>Si aprir\u00e0 una nuova finestra che permetter\u00e0 di programmare l\u2019evento con l\u2019inserimento di un titolo, degli invitati, l\u2019aggiunta della videoconferenza ed eventuali file allegati. Infine, sar\u00e0 necessario salvare le modifiche apportate.<\/p>\n<p><img loading=\"lazy\" decoding=\"async\" src=\"https:\/\/www.villadeifioriacerra.tech\/wp-content\/uploads\/2021\/03\/SezioneOrganizzatori6-770x1024.png\" alt=\"SezioneOrganizzatori6\" width=\"770\" height=\"1024\" \/><\/p>\n<p>\u00a0<\/p>\n<p><strong>2. Creazione istantanea di una videoconferenza<\/strong><\/p>\n<p>Fare clic sul riquadro app di Google e selezionare Meet.<\/p>\n<p><img loading=\"lazy\" decoding=\"async\" src=\"https:\/\/www.villadeifioriacerra.tech\/wp-content\/uploads\/2021\/03\/CreazioneIstantanea1-1024x754.png\" alt=\"CreazioneIstantanea1\" width=\"1024\" height=\"754\" \/><\/p>\n<p>Si aprir\u00e0 una nuova pagina che permetter\u00e0 la creazione della videoconferenza istantanea o in secondo momento.<\/p>\n<p><img loading=\"lazy\" decoding=\"async\" src=\"https:\/\/www.villadeifioriacerra.tech\/wp-content\/uploads\/2021\/03\/CreazioneIstantanea2-1024x461.png\" alt=\"CreazioneIstantanea2\" width=\"1024\" height=\"461\" \/><\/p>\n<p>Prima di inizializzare la videoconferenza, sar\u00e0 necessario dare il consenso per l\u2019utilizzo del microfono e della fotocamera.<\/p>\n<p><img loading=\"lazy\" decoding=\"async\" src=\"https:\/\/www.villadeifioriacerra.tech\/wp-content\/uploads\/2021\/03\/CreazioneIstantanea3.png\" alt=\"CreazioneIstantanea3\" width=\"956\" height=\"848\" \/><\/p>\n<p>Tutto ci\u00f2 che resta da fare \u00e8 aggiungere i partecipanti.<\/p>\n<p><img loading=\"lazy\" decoding=\"async\" src=\"https:\/\/www.villadeifioriacerra.tech\/wp-content\/uploads\/2021\/03\/CreazioneIstantanea4.png\" alt=\"CreazioneIstantanea4\" width=\"1019\" height=\"846\" \/><\/p>\n<p>\t\t\t\t\t\t\t\t\tSezione Partecipanti<\/p>\n<p>Avviare il browser<\/p>\n<p>Gli eventuali partecipati del meeting dovranno avvia il browser ed esegue il login con le proprie credenziali @villadeifioriacerra.tech. (Al primo accesso, per motivi di privacy, sar\u00e0 necessario modificare la password)<\/p>\n<p><img loading=\"lazy\" decoding=\"async\" src=\"https:\/\/www.villadeifioriacerra.tech\/wp-content\/uploads\/2021\/03\/SezionePartecipanti1-1024x646.png\" alt=\"SezionePartecipanti1\" width=\"1024\" height=\"646\" \/><\/p>\n<p><center><br \/><img loading=\"lazy\" decoding=\"async\" src=\"https:\/\/www.villadeifioriacerra.tech\/wp-content\/uploads\/2021\/03\/SezionePartecipanti2-294x300.png\" alt=\"SezionePartecipanti2\" width=\"294\" height=\"300\" \/><img loading=\"lazy\" decoding=\"async\" src=\"https:\/\/www.villadeifioriacerra.tech\/wp-content\/uploads\/2021\/03\/SezionePartecipanti3-300x300.png\" alt=\"SezionePartecipanti3\" width=\"300\" height=\"300\" \/><\/center><\/p>\n<p>Gli invitati alla riunione riceveranno sulla propria casella di posta una e-mail di invito alla riunione, a cui potranno partecipare cliccando sull\u2019apposito link che \u00e8 stato ricevuto. \u00c8 altres\u00ec possibile comunicare la propria disponibilit\u00e0 (o indisponibilit\u00e0) attraverso i bottoni di risposta automatica.<\/p>\n<p><img loading=\"lazy\" decoding=\"async\" src=\"https:\/\/www.villadeifioriacerra.tech\/wp-content\/uploads\/2021\/03\/SezionePartecipanti4-1024x826.png\" alt=\"SezionePartecipanti4\" width=\"1024\" height=\"826\" \/><\/p>\n<p>In alternativa \u00e8 possibile copiare il codice identificativo della riunione, inserirlo direttamente sulla pagina principale di Meet e selezionare \u201cPartecipa\u201d.<\/p>\n<p><img loading=\"lazy\" decoding=\"async\" src=\"https:\/\/www.villadeifioriacerra.tech\/wp-content\/uploads\/2021\/03\/SezionePartecipanti5-1024x411.png\" alt=\"SezionePartecipanti5\" width=\"1024\" height=\"411\" \/><\/p>\n<p>Entrambe le modalit\u00e0 apriranno la seguente scheda che permetter\u00e0 di unirsi alla riunione.<\/p>\n<p><img loading=\"lazy\" decoding=\"async\" src=\"https:\/\/www.villadeifioriacerra.tech\/wp-content\/uploads\/2021\/03\/SezionePartecipanti6-1024x687.png\" alt=\"SezionePartecipanti6\" width=\"1024\" height=\"687\" \/><\/p>\n<p>\t\t\t\t\t\t\t\t\tFunzionalit\u00e0<\/p>\n<p>Durante una videoconferenza, Meet mette a disposizione una serie di funzionalit\u00e0 semplici ed intuitive che possono essere sfruttate attraverso l\u2019utilizzo di due barre di azione.<\/p>\n<p><img loading=\"lazy\" decoding=\"async\" src=\"https:\/\/www.villadeifioriacerra.tech\/wp-content\/uploads\/2021\/03\/Funzionalita1-1024x820.png\" alt=\"Funzionalit\u00e01\" width=\"1024\" height=\"820\" \/><\/p>\n<p>La barra superiore presenta cinque pulsanti (di cui gli ultimi due sono a comparsa) che permettono rispettivamente di mostrare: la lista dei partecipanti al meeting, la chat, le possibili attivit\u00e0, impostare la schermata video su s\u00e9 stessi e dividere la schermata consentendo di osservare tutti i partecipanti contemporaneamente. Invece, la barra inferiore permette di mostrare: il codice identificativo della riunione e gli eventuali allegati, disabilitare l\u2019audio, chiudere la sessione, disabilitare il video, alzare la mano per prendere la parola, presentare a video il proprio monitor, una propria finestra o una scheda del proprio browser ed infine il pulsante per sfruttare altre opzioni.<\/p>\n<p>\t\t\t\t\t\t\t\t\tPulsante Attivit\u00e0<\/p>\n<p>Il pulsante attivit\u00e0 consente di accedere a tre importanti funzionalit\u00e0:<\/p>\n<ol>\n<li>Porre domande a cui lo speaker potr\u00e0 rispondere a voce quando riterr\u00e0 pi\u00f9 opportuno;<\/li>\n<li>Creare stanze virtuali e comporre gruppi di lavoro, dove \u00e8 possibile smistare<br \/>i vari partecipanti;<\/li>\n<li>Creare sondaggi a risposta multipla.<\/li>\n<\/ol>\n<p><center><br \/><img loading=\"lazy\" decoding=\"async\" src=\"https:\/\/www.villadeifioriacerra.tech\/wp-content\/uploads\/2021\/03\/PulsanteAttivita1-165x300.png\" alt=\"PulsanteAttivit\u00e01\" width=\"165\" height=\"300\" \/><img loading=\"lazy\" decoding=\"async\" src=\"https:\/\/www.villadeifioriacerra.tech\/wp-content\/uploads\/2021\/03\/PulsanteAttivita2-153x300.png\" alt=\"PulsanteAttivit\u00e02\" width=\"153\" height=\"300\" \/><img loading=\"lazy\" decoding=\"async\" src=\"https:\/\/www.villadeifioriacerra.tech\/wp-content\/uploads\/2021\/03\/PulsanteAttivita3-174x300.png\" alt=\"PulsanteAttivit\u00e03\" width=\"174\" height=\"300\" \/><\/center><br \/>\n\t\t\t\t\t\t\t\t\tPulsante Opzioni<\/p>\n<p>Il pulsante opzioni permette di:<\/p>\n<ul>\n<li>Aggiungere una lavagna virtuale con cui \u00e8 possibile accedere a una suite di strumenti per la modifica di contenuti multimediali;<\/li>\n<li>Segnalare eventuali problemi, abusi e consultare una guida online;<\/li>\n<\/ul>\n<p><center><br \/><img loading=\"lazy\" decoding=\"async\" src=\"https:\/\/www.villadeifioriacerra.tech\/wp-content\/uploads\/2021\/03\/PulsanteOpzioni1-300x264.png\" alt=\"PulsanteOpzioni1\" width=\"300\" height=\"264\" \/><img loading=\"lazy\" decoding=\"async\" src=\"https:\/\/www.villadeifioriacerra.tech\/wp-content\/uploads\/2021\/03\/PulsanteOpzioni2-296x300.png\" alt=\"PulsanteOpzioni2\" width=\"296\" height=\"300\" \/><\/center><\/p>\n<ul>\n<li>Utilizzare strumenti per la modifica del layout della schermata e l\u2019aggiunta di sottotitoli;<\/li>\n<li>Modificare le impostazioni relative all\u2019audio e al video.<\/li>\n<\/ul>\n<p><center><br \/><img loading=\"lazy\" decoding=\"async\" src=\"https:\/\/www.villadeifioriacerra.tech\/wp-content\/uploads\/2021\/03\/PulsanteOpzioni3-248x300.png\" alt=\"PulsanteOpzioni3\" width=\"248\" height=\"300\" \/><img loading=\"lazy\" decoding=\"async\" src=\"https:\/\/www.villadeifioriacerra.tech\/wp-content\/uploads\/2021\/03\/PulsanteOpzioni4-300x198.png\" alt=\"PulsanteOpzioni4\" width=\"300\" height=\"198\" \/><\/center><br \/>\n\t\t\t\t\t\t\t\t\tCaselle di Posta Assegnate<\/p>\n<table>\n<tbody>\n<tr>\n<td width=\"232\"><strong>Assegnatario<\/strong><\/td>\n<td width=\"537\"><strong>E-mail<\/strong><\/td>\n<\/tr>\n<tr>\n<td width=\"232\"><strong>Presidenza<\/strong><\/td>\n<td width=\"537\"><a href=\"mailto:presidenza@villadeifioriacerra.tech\">presidenza@villadeifioriacerra.tech<\/a><\/td>\n<\/tr>\n<tr>\n<td width=\"232\"><strong>Amministrazione<\/strong><\/td>\n<td width=\"537\"><a href=\"mailto:amministrazione@villadeifioriacerra.tech\">amministrazione@villadeifioriacerra.tech<\/a><\/td>\n<\/tr>\n<tr>\n<td width=\"232\"><strong>Direzione Sanitaria<\/strong><\/td>\n<td width=\"537\"><a href=\"mailto:direzionesanitaria@villadeifioriacerra.tech\">direzionesanitaria@villadeifioriacerra.tech<\/a><\/td>\n<\/tr>\n<tr>\n<td width=\"232\"><strong>Pronto Soccorso<\/strong><\/td>\n<td width=\"537\"><a href=\"mailto:prontosoccorso@villadeifioriacerra.tech\">prontosoccorso@villadeifioriacerra.tech<\/a><\/td>\n<\/tr>\n<tr>\n<td width=\"232\"><strong>Laboratorio di Analisi<\/strong><\/td>\n<td width=\"537\"><a href=\"mailto:labanalisi@villadeifioriacerra.tech\">labanalisi@villadeifioriacerra.tech<\/a><\/td>\n<\/tr>\n<tr>\n<td width=\"232\"><strong>Ufficio Qualit\u00e0<\/strong><\/td>\n<td width=\"537\"><a href=\"mailto:ufficioqualita@villadeifioriacerra.tech\">ufficioqualita@villadeifioriacerra.tech<\/a><\/td>\n<\/tr>\n<tr>\n<td width=\"232\"><strong>Farmacia<\/strong><\/td>\n<td width=\"537\"><a href=\"mailto:farmacia@villadeifioriacerra.tech\">farmacia@villadeifioriacerra.tech<\/a><\/td>\n<\/tr>\n<tr>\n<td width=\"232\"><strong>Riabilitazione<\/strong><\/td>\n<td width=\"537\"><a href=\"mailto:riabilitazione@villadeifioriacerra.tech\">riabilitazione@villadeifioriacerra.tech<\/a><\/td>\n<\/tr>\n<tr>\n<td width=\"232\"><strong>Diagnostica<\/strong><\/td>\n<td width=\"537\"><a href=\"mailto:diagnostica@villadeifioriacerra.tech\">diagnostica@villadeifioriacerra.tech<\/a><\/td>\n<\/tr>\n<tr>\n<td width=\"232\"><strong>Medicina<\/strong><\/td>\n<td width=\"537\"><a href=\"mailto:medicina@villadeifioriacerra.tech\">medicina@villadeifioriacerra.tech<\/a><\/td>\n<\/tr>\n<tr>\n<td width=\"232\"><strong>Nido<\/strong><\/td>\n<td width=\"537\"><a href=\"mailto:nido@villadeifioriacerra.tech\">nido@villadeifioriacerra.tech<\/a><\/td>\n<\/tr>\n<tr>\n<td width=\"232\"><strong>Rianimazione<\/strong><\/td>\n<td width=\"537\"><a href=\"mailto:rianimazione@villadeifioriacerra.tech\">rianimazione@villadeifioriacerra.tech<\/a><\/td>\n<\/tr>\n<tr>\n<td width=\"232\"><strong>Chirurgia Generale 1<\/strong><\/td>\n<td width=\"537\"><a href=\"mailto:chgenerale1@villadeifioriacerra.tech\">chgenerale1@villadeifioriacerra.tech<\/a><\/td>\n<\/tr>\n<tr>\n<td width=\"232\"><strong>Chirurgia Generale 2<\/strong><\/td>\n<td width=\"537\"><a href=\"mailto:chgenerale2@villadeifioriacerra.tech\">chgenerale2@villadeifioriacerra.tech<\/a><\/td>\n<\/tr>\n<tr>\n<td width=\"232\"><strong>Chirurgia Vascolare<\/strong><\/td>\n<td width=\"537\"><a href=\"mailto:chvascolare@villadeifioriacerra.tech\">chvascolare@villadeifioriacerra.tech<\/a><\/td>\n<\/tr>\n<tr>\n<td width=\"232\"><strong>Chirurgia Plastica<\/strong><\/td>\n<td width=\"537\"><a href=\"mailto:chplastica@villadeifioriacerra.tech\">chplastica@villadeifioriacerra.tech<\/a><\/td>\n<\/tr>\n<tr>\n<td width=\"232\"><strong>Endoscopia<\/strong><\/td>\n<td width=\"537\"><a href=\"mailto:endoscopia@villadeifioriacerra.tech\">endoscopia@villadeifioriacerra.tech<\/a><\/td>\n<\/tr>\n<tr>\n<td width=\"232\"><strong>Ortopedia<\/strong><\/td>\n<td width=\"537\"><a href=\"mailto:ortopedia@villadeifioriacerra.tech\">ortopedia@villadeifioriacerra.tech<\/a><\/td>\n<\/tr>\n<tr>\n<td width=\"232\"><strong>Oculistica<\/strong><\/td>\n<td width=\"537\"><a href=\"mailto:oculistica@villadeifioriacerra.tech\">oculistica@villadeifioriacerra.tech<\/a><\/td>\n<\/tr>\n<tr>\n<td width=\"232\"><strong>Ostetricia<\/strong><\/td>\n<td width=\"537\"><a href=\"mailto:ostetricia@villadeifioriacerra.tech\">ostetricia@villadeifioriacerra.tech<\/a><\/td>\n<\/tr>\n<tr>\n<td width=\"232\"><strong>Pre-Ricovero<\/strong><\/td>\n<td width=\"537\"><a href=\"mailto:prericovero@villadeifioriacerra.tech\">prericovero@villadeifioriacerra.tech<\/a><\/td>\n<\/tr>\n<tr>\n<td width=\"232\"><strong>Urologia<\/strong><\/td>\n<td width=\"537\"><a href=\"mailto:urologia@villadeifioriacerra.tech\">urologia@villadeifioriacerra.tech<\/a><\/td>\n<\/tr>\n<tr>\n<td width=\"232\"><strong>Cardiologia<\/strong><\/td>\n<td width=\"537\"><a href=\"mailto:cardiologia@villadeifioriacerra.tech\">cardiologia@villadeifioriacerra.tech<\/a><\/td>\n<\/tr>\n<tr>\n<td width=\"232\"><strong>Sala Operatoria Vecchia<\/strong><\/td>\n<td width=\"537\"><a href=\"mailto:salaoperatoria1@villadeifioriacerra.tech\">salaoperatoria1@villadeifioriacerra.tech<\/a><\/td>\n<tr>\n<td width=\"232\"><strong>Sala Operatoria Nuova<\/strong><\/td>\n<td width=\"537\"><a href=\"mailto:salaoperatoria2@villadeifioriacerra.tech\">salaoperatoria2@villadeifioriacerra.tech<\/a><\/td>\n<tr>\n<td width=\"232\"><strong>SUAP<\/strong><\/td>\n<td width=\"537\"><a href=\"mailto:suap@villadeifioriacerra.tech\">suap@villadeifioriacerra.tech<\/a><\/td>\n<\/tr>\n<\/tbody>\n<\/table>\n","protected":false},"excerpt":{"rendered":"<p>Introduzione Sezione Organizzatori Sezione Partecipanti Funzionalit\u00e0 Pulsante Attivit\u00e0 Pulsante Opzioni Caselle di Posta Assegnate Introduzione Google Meet \u00e8 una piattaforma online che permette di organizzare riunioni e videoconferenze di livello aziendale, adoperando l\u2019infrastruttura solida e sicura di Google. Tale piattaforma offre numerosi servizi come la possibilit\u00e0 di personalizzare le impostazioni video, condividere il proprio schermo&#8230;<\/p>\n","protected":false},"author":1,"featured_media":0,"parent":0,"menu_order":0,"comment_status":"closed","ping_status":"closed","template":"","meta":{"footnotes":""},"class_list":["post-10882","page","type-page","status-publish","hentry"],"_links":{"self":[{"href":"https:\/\/www.villadeifioriacerra.tech\/index.php?rest_route=\/wp\/v2\/pages\/10882","targetHints":{"allow":["GET"]}}],"collection":[{"href":"https:\/\/www.villadeifioriacerra.tech\/index.php?rest_route=\/wp\/v2\/pages"}],"about":[{"href":"https:\/\/www.villadeifioriacerra.tech\/index.php?rest_route=\/wp\/v2\/types\/page"}],"author":[{"embeddable":true,"href":"https:\/\/www.villadeifioriacerra.tech\/index.php?rest_route=\/wp\/v2\/users\/1"}],"replies":[{"embeddable":true,"href":"https:\/\/www.villadeifioriacerra.tech\/index.php?rest_route=%2Fwp%2Fv2%2Fcomments&post=10882"}],"version-history":[{"count":100,"href":"https:\/\/www.villadeifioriacerra.tech\/index.php?rest_route=\/wp\/v2\/pages\/10882\/revisions"}],"predecessor-version":[{"id":11107,"href":"https:\/\/www.villadeifioriacerra.tech\/index.php?rest_route=\/wp\/v2\/pages\/10882\/revisions\/11107"}],"wp:attachment":[{"href":"https:\/\/www.villadeifioriacerra.tech\/index.php?rest_route=%2Fwp%2Fv2%2Fmedia&parent=10882"}],"curies":[{"name":"wp","href":"https:\/\/api.w.org\/{rel}","templated":true}]}}