{"id":10826,"date":"2021-03-04T16:04:34","date_gmt":"2021-03-04T15:04:34","guid":{"rendered":"http:\/\/172.20.0.10\/?page_id=10826"},"modified":"2021-03-08T11:55:06","modified_gmt":"2021-03-08T10:55:06","slug":"accedi-alla-tua-casella-di-posta","status":"publish","type":"page","link":"https:\/\/www.villadeifioriacerra.tech\/?page_id=10826","title":{"rendered":"Accedi alla tua casella di posta"},"content":{"rendered":"<p>In questa sezione del portale \u00e8 possibile accedere alla WebMail di Lotus. La WebMail permette l&#8217;utilizzo delle seguenti funzionalit\u00e0: <strong>Posta, Diario, Rubrica, Attivit\u00e0 e Note<\/strong>. Per accedere utilizzare le credenziali consegnate dall&#8217;Ufficio ICT.\u00a0<\/p>\n<p>Accesso Standard:<\/p>\n<ul>\n<li>Nome Cognome<\/li>\n<li>Password<\/li>\n<\/ul>\n<p>       <input type=\"text\" value=\"\" id=\"input\"><br \/>\n       <button type=\"button\" id=\"button\">Apri posta<\/button><\/p>\n","protected":false},"excerpt":{"rendered":"<p>In questa sezione del portale \u00e8 possibile accedere alla WebMail di Lotus. La WebMail permette l&#8217;utilizzo delle seguenti funzionalit\u00e0: Posta, Diario, Rubrica, Attivit\u00e0 e Note. Per accedere utilizzare le credenziali consegnate dall&#8217;Ufficio ICT.\u00a0 Accesso Standard: Nome Cognome Password Apri posta<\/p>\n","protected":false},"author":1,"featured_media":0,"parent":0,"menu_order":0,"comment_status":"closed","ping_status":"closed","template":"","meta":{"footnotes":""},"class_list":["post-10826","page","type-page","status-publish","hentry"],"_links":{"self":[{"href":"https:\/\/www.villadeifioriacerra.tech\/index.php?rest_route=\/wp\/v2\/pages\/10826","targetHints":{"allow":["GET"]}}],"collection":[{"href":"https:\/\/www.villadeifioriacerra.tech\/index.php?rest_route=\/wp\/v2\/pages"}],"about":[{"href":"https:\/\/www.villadeifioriacerra.tech\/index.php?rest_route=\/wp\/v2\/types\/page"}],"author":[{"embeddable":true,"href":"https:\/\/www.villadeifioriacerra.tech\/index.php?rest_route=\/wp\/v2\/users\/1"}],"replies":[{"embeddable":true,"href":"https:\/\/www.villadeifioriacerra.tech\/index.php?rest_route=%2Fwp%2Fv2%2Fcomments&post=10826"}],"version-history":[{"count":9,"href":"https:\/\/www.villadeifioriacerra.tech\/index.php?rest_route=\/wp\/v2\/pages\/10826\/revisions"}],"predecessor-version":[{"id":10876,"href":"https:\/\/www.villadeifioriacerra.tech\/index.php?rest_route=\/wp\/v2\/pages\/10826\/revisions\/10876"}],"wp:attachment":[{"href":"https:\/\/www.villadeifioriacerra.tech\/index.php?rest_route=%2Fwp%2Fv2%2Fmedia&parent=10826"}],"curies":[{"name":"wp","href":"https:\/\/api.w.org\/{rel}","templated":true}]}}