{"id":10374,"date":"2021-02-25T13:56:09","date_gmt":"2021-02-25T12:56:09","guid":{"rendered":"http:\/\/172.20.0.10\/?page_id=10374"},"modified":"2021-02-25T13:58:13","modified_gmt":"2021-02-25T12:58:13","slug":"guida-attivita","status":"publish","type":"page","link":"https:\/\/www.villadeifioriacerra.tech\/?page_id=10374","title":{"rendered":"Guida Attivit\u00e0"},"content":{"rendered":"<p>E&#8217; possibile generare delle attivit\u00e0 per una propria pianificazione e assegnarne altre a terzi. Questa procedura permette anche la gestione degli stati: accettata, declinata, completata etc&#8230;<\/p>\n<p dir=\"ltr\">L&#8217;evidenza dell&#8217;attivit\u00e0 sar\u00e0 palese non solo per chi la genera ed assegna, ma anche e soprattutto per<\/p>\n<p dir=\"ltr\">chi l&#8217;accetta. Infatti l&#8217;attivit\u00e0 accettata sar\u00e0 visualizzata anche nel diario.<\/p>\n<p>\t\t\t\t\t\t\t\t\t\t<img decoding=\"async\" width=\"778\" height=\"480\" src=\"http:\/\/172.20.0.10\/wp-content\/uploads\/2021\/02\/guida-attivita-1.bmp\" alt=\"guida attivita 1\" loading=\"lazy\" \/><\/p>\n","protected":false},"excerpt":{"rendered":"<p>E&#8217; possibile generare delle attivit\u00e0 per una propria pianificazione e assegnarne altre a terzi. Questa procedura permette anche la gestione degli stati: accettata, declinata, completata etc&#8230; L&#8217;evidenza dell&#8217;attivit\u00e0 sar\u00e0 palese non solo per chi la genera ed assegna, ma anche e soprattutto per chi l&#8217;accetta. Infatti l&#8217;attivit\u00e0 accettata sar\u00e0 visualizzata anche nel diario.<\/p>\n","protected":false},"author":1,"featured_media":0,"parent":0,"menu_order":0,"comment_status":"closed","ping_status":"closed","template":"","meta":{"footnotes":""},"class_list":["post-10374","page","type-page","status-publish","hentry"],"_links":{"self":[{"href":"https:\/\/www.villadeifioriacerra.tech\/index.php?rest_route=\/wp\/v2\/pages\/10374","targetHints":{"allow":["GET"]}}],"collection":[{"href":"https:\/\/www.villadeifioriacerra.tech\/index.php?rest_route=\/wp\/v2\/pages"}],"about":[{"href":"https:\/\/www.villadeifioriacerra.tech\/index.php?rest_route=\/wp\/v2\/types\/page"}],"author":[{"embeddable":true,"href":"https:\/\/www.villadeifioriacerra.tech\/index.php?rest_route=\/wp\/v2\/users\/1"}],"replies":[{"embeddable":true,"href":"https:\/\/www.villadeifioriacerra.tech\/index.php?rest_route=%2Fwp%2Fv2%2Fcomments&post=10374"}],"version-history":[{"count":3,"href":"https:\/\/www.villadeifioriacerra.tech\/index.php?rest_route=\/wp\/v2\/pages\/10374\/revisions"}],"predecessor-version":[{"id":10378,"href":"https:\/\/www.villadeifioriacerra.tech\/index.php?rest_route=\/wp\/v2\/pages\/10374\/revisions\/10378"}],"wp:attachment":[{"href":"https:\/\/www.villadeifioriacerra.tech\/index.php?rest_route=%2Fwp%2Fv2%2Fmedia&parent=10374"}],"curies":[{"name":"wp","href":"https:\/\/api.w.org\/{rel}","templated":true}]}}