{"id":10367,"date":"2021-02-25T13:53:07","date_gmt":"2021-02-25T12:53:07","guid":{"rendered":"http:\/\/172.20.0.10\/?page_id=10367"},"modified":"2021-02-25T13:54:47","modified_gmt":"2021-02-25T12:54:47","slug":"guida-diario","status":"publish","type":"page","link":"https:\/\/www.villadeifioriacerra.tech\/?page_id=10367","title":{"rendered":"Guida Diario"},"content":{"rendered":"<p>Visualizzazione inziale del Diario. E&#8217; possibile gestire visualizzazioni settimanali, mensile, annuali etc&#8230;<\/p>\n<p dir=\"ltr\">Creazione di una riunione con la quale \u00e8 possibile pianificare incontri sia per una propria schedulazione<\/p>\n<p dir=\"ltr\">che con schedualzione condivisa inviatndo altre personecolleghi. E&#8217; possibile invitare sia persone interne alla<\/p>\n<p dir=\"ltr\">Rubrica centralizzata che normali indirizzi mail. Il protocollo utilizzato per le riunioni \u00e8 quello internazionale, per cui<\/p>\n<p dir=\"ltr\">anche chi dispone di gestori quali Gmail, Hotmail, Microsoft etc&#8230; sar\u00e0 in grado di ricevere Vostro invito.<\/p>\n<p>Oltre a visualizzare nel proprio diario la richiestainvito sar\u00e0 visualizzata sul diario della personae a cui \u00e8 stata richiesta la partecipazione. Ovviamente chi riceve dovr\u00e0 accettare l&#8217;invito o rifiutarlo o delegarlo.<\/p>\n<p>\t\t\t\t\t\t\t\t\t\t<img decoding=\"async\" width=\"745\" height=\"535\" src=\"http:\/\/172.20.0.10\/wp-content\/uploads\/2021\/02\/guida-diario-1.bmp\" alt=\"guida diario 1\" loading=\"lazy\" \/>\t\t\t\t\t\t\t\t\t\t\t<\/p>\n<p>Ecco come appare il diario di chi ha accettato<\/p>\n<p>\t\t\t\t\t\t\t\t\t\t<img decoding=\"async\" width=\"639\" height=\"352\" src=\"http:\/\/172.20.0.10\/wp-content\/uploads\/2021\/02\/guida-diario-2.bmp\" alt=\"\" loading=\"lazy\" \/><\/p>\n","protected":false},"excerpt":{"rendered":"<p>Visualizzazione inziale del Diario. E&#8217; possibile gestire visualizzazioni settimanali, mensile, annuali etc&#8230; Creazione di una riunione con la quale \u00e8 possibile pianificare incontri sia per una propria schedulazione che con schedualzione condivisa inviatndo altre personecolleghi. E&#8217; possibile invitare sia persone interne alla Rubrica centralizzata che normali indirizzi mail. Il protocollo utilizzato per le riunioni \u00e8&#8230;<\/p>\n","protected":false},"author":1,"featured_media":0,"parent":0,"menu_order":0,"comment_status":"closed","ping_status":"closed","template":"","meta":{"footnotes":""},"class_list":["post-10367","page","type-page","status-publish","hentry"],"_links":{"self":[{"href":"https:\/\/www.villadeifioriacerra.tech\/index.php?rest_route=\/wp\/v2\/pages\/10367","targetHints":{"allow":["GET"]}}],"collection":[{"href":"https:\/\/www.villadeifioriacerra.tech\/index.php?rest_route=\/wp\/v2\/pages"}],"about":[{"href":"https:\/\/www.villadeifioriacerra.tech\/index.php?rest_route=\/wp\/v2\/types\/page"}],"author":[{"embeddable":true,"href":"https:\/\/www.villadeifioriacerra.tech\/index.php?rest_route=\/wp\/v2\/users\/1"}],"replies":[{"embeddable":true,"href":"https:\/\/www.villadeifioriacerra.tech\/index.php?rest_route=%2Fwp%2Fv2%2Fcomments&post=10367"}],"version-history":[{"count":3,"href":"https:\/\/www.villadeifioriacerra.tech\/index.php?rest_route=\/wp\/v2\/pages\/10367\/revisions"}],"predecessor-version":[{"id":10372,"href":"https:\/\/www.villadeifioriacerra.tech\/index.php?rest_route=\/wp\/v2\/pages\/10367\/revisions\/10372"}],"wp:attachment":[{"href":"https:\/\/www.villadeifioriacerra.tech\/index.php?rest_route=%2Fwp%2Fv2%2Fmedia&parent=10367"}],"curies":[{"name":"wp","href":"https:\/\/api.w.org\/{rel}","templated":true}]}}